{"id":27070,"date":"2025-02-28T16:08:12","date_gmt":"2025-02-28T16:08:12","guid":{"rendered":"https:\/\/3dfunart.com\/descubra-como-funciona-o-museu\/"},"modified":"2026-02-05T15:18:25","modified_gmt":"2026-02-05T15:18:25","slug":"descubra-como-funciona-o-museu","status":"publish","type":"page","link":"https:\/\/3dfunart.com\/pt-pt\/descubra-como-funciona-o-museu\/","title":{"rendered":"Descubra como funciona o museu"},"content":{"rendered":"\t\t<div data-elementor-type=\"wp-page\" data-elementor-id=\"27070\" class=\"elementor elementor-27070 elementor-27058\">\n\t\t\t\t<div class=\"elementor-element elementor-element-c20f2f5 e-flex e-con-boxed e-con e-parent\" data-id=\"c20f2f5\" data-element_type=\"container\" data-e-type=\"container\">\n\t\t\t\t\t<div class=\"e-con-inner\">\n\t\t\t\t<div class=\"elementor-element elementor-element-1303762 elementor-widget elementor-widget-video\" data-id=\"1303762\" data-element_type=\"widget\" data-e-type=\"widget\" data-settings=\"{&quot;video_type&quot;:&quot;hosted&quot;,&quot;autoplay&quot;:&quot;yes&quot;,&quot;play_on_mobile&quot;:&quot;yes&quot;,&quot;controls&quot;:&quot;yes&quot;}\" data-widget_type=\"video.default\">\n\t\t\t\t<div class=\"elementor-widget-container\">\n\t\t\t\t\t\t\t<div class=\"e-hosted-video elementor-wrapper elementor-open-inline\">\n\t\t\t\t\t<video class=\"elementor-video\" src=\"https:\/\/3dfunart.com\/wp-content\/uploads\/2025\/03\/45\u00b4\u00b4_3D-Fun-Art-Museum-_PTxs.mp4\" autoplay=\"\" controls=\"\" playsinline=\"\" controlsList=\"nodownload\"><\/video>\n\t\t\t\t<\/div>\n\t\t\t\t\t\t<\/div>\n\t\t\t\t<\/div>\n\t\t\t\t\t<\/div>\n\t\t\t\t<\/div>\n\t\t<div class=\"elementor-element elementor-element-ff74064 e-flex e-con-boxed e-con e-parent\" data-id=\"ff74064\" data-element_type=\"container\" data-e-type=\"container\">\n\t\t\t\t\t<div class=\"e-con-inner\">\n\t\t\t\t<div class=\"elementor-element elementor-element-80ea8fd elementor-widget elementor-widget-text-editor\" data-id=\"80ea8fd\" data-element_type=\"widget\" data-e-type=\"widget\" data-widget_type=\"text-editor.default\">\n\t\t\t\t<div class=\"elementor-widget-container\">\n\t\t\t\t\t\t\t\t\t<p data-start=\"0\" data-end=\"31\"><strong data-start=\"0\" data-end=\"29\">Bem-vindo ao 3D Fun Art Museum!<\/strong><\/p><p data-start=\"33\" data-end=\"194\">Estamos muito felizes em receb\u00ea-lo(a)!<\/p><p data-start=\"71\" data-end=\"213\">A nossa \u00e1rea de exposi\u00e7\u00e3o, encontra-se apenas num piso, onde est\u00e3o localizados todos os cen\u00e1rios.<\/p><p data-start=\"215\" data-end=\"529\">Cada cen\u00e1rio \u00e9 \u00fanico! Sempre que existir um autocolante no ch\u00e3o, este indica o local ideal para tirar a fotografia. Nos cen\u00e1rios sem autocolante no ch\u00e3o, recomendamos que a fotografia seja tirada de frente. Para o(a) ajudar a tirar ideias e a desfrutar melhor da experi\u00eancia, encontrar\u00e1 fotografias de exemplo expostas na proximidade de cada cen\u00e1rio.<\/p><p data-start=\"531\" data-end=\"667\">Explore o museu com calma e escolha o seu cen\u00e1rio favorito. Se precisar de ajuda, a nossa simp\u00e1tica equipa ter\u00e1 todo o gosto em ajud\u00e1-lo(a)..<\/p><p data-start=\"669\" data-end=\"781\">\ud83d\udcf8 <strong data-start=\"672\" data-end=\"695\">Dica de Fotografia:<\/strong> Para melhores resultados, ajuste a c\u00e2mara do seu telem\u00f3vel para o formato 3:4 ou 4:3.<\/p><p data-start=\"783\" data-end=\"835\">Desejamos-lhe uma excelente visita e muita divers\u00e3o!<\/p>\t\t\t\t\t\t\t\t<\/div>\n\t\t\t\t<\/div>\n\t\t\t\t\t<\/div>\n\t\t\t\t<\/div>\n\t\t\t\t<\/div>\n\t\t","protected":false},"excerpt":{"rendered":"<p>https:\/\/3dfunart.com\/wp-content\/uploads\/2025\/03\/45\u00b4\u00b4_3D-Fun-Art-Museum-_PTxs.mp4 Bem-vindo ao 3D Fun Art Museum! Estamos muito felizes em receb\u00ea-lo(a)! A nossa \u00e1rea de exposi\u00e7\u00e3o, encontra-se apenas num piso, onde est\u00e3o localizados todos os cen\u00e1rios. Cada cen\u00e1rio \u00e9 \u00fanico! Sempre que existir um autocolante no ch\u00e3o, este indica o local ideal para tirar a fotografia. Nos cen\u00e1rios sem autocolante no ch\u00e3o, recomendamos que [&hellip;]<\/p>\n","protected":false},"author":1,"featured_media":0,"parent":0,"menu_order":0,"comment_status":"closed","ping_status":"closed","template":"","meta":{"site-sidebar-layout":"no-sidebar","site-content-layout":"page-builder","ast-site-content-layout":"full-width-container","site-content-style":"default","site-sidebar-style":"default","ast-global-header-display":"","ast-banner-title-visibility":"","ast-main-header-display":"","ast-hfb-above-header-display":"","ast-hfb-below-header-display":"","ast-hfb-mobile-header-display":"","site-post-title":"disabled","ast-breadcrumbs-content":"","ast-featured-img":"disabled","footer-sml-layout":"","ast-disable-related-posts":"","theme-transparent-header-meta":"","adv-header-id-meta":"","stick-header-meta":"","header-above-stick-meta":"","header-main-stick-meta":"","header-below-stick-meta":"","astra-migrate-meta-layouts":"default","ast-page-background-enabled":"default","ast-page-background-meta":{"desktop":{"background-color":"","background-image":"","background-repeat":"repeat","background-position":"center center","background-size":"auto","background-attachment":"scroll","background-type":"","background-media":"","overlay-type":"","overlay-color":"","overlay-opacity":"","overlay-gradient":""},"tablet":{"background-color":"","background-image":"","background-repeat":"repeat","background-position":"center center","background-size":"auto","background-attachment":"scroll","background-type":"","background-media":"","overlay-type":"","overlay-color":"","overlay-opacity":"","overlay-gradient":""},"mobile":{"background-color":"","background-image":"","background-repeat":"repeat","background-position":"center center","background-size":"auto","background-attachment":"scroll","background-type":"","background-media":"","overlay-type":"","overlay-color":"","overlay-opacity":"","overlay-gradient":""}},"ast-content-background-meta":{"desktop":{"background-color":"var(--ast-global-color-5)","background-image":"","background-repeat":"repeat","background-position":"center center","background-size":"auto","background-attachment":"scroll","background-type":"","background-media":"","overlay-type":"","overlay-color":"","overlay-opacity":"","overlay-gradient":""},"tablet":{"background-color":"var(--ast-global-color-5)","background-image":"","background-repeat":"repeat","background-position":"center center","background-size":"auto","background-attachment":"scroll","background-type":"","background-media":"","overlay-type":"","overlay-color":"","overlay-opacity":"","overlay-gradient":""},"mobile":{"background-color":"var(--ast-global-color-5)","background-image":"","background-repeat":"repeat","background-position":"center center","background-size":"auto","background-attachment":"scroll","background-type":"","background-media":"","overlay-type":"","overlay-color":"","overlay-opacity":"","overlay-gradient":""}},"footnotes":""},"class_list":["post-27070","page","type-page","status-publish","hentry"],"yoast_head":"<!-- This site is optimized with the Yoast SEO plugin v27.2 - https:\/\/yoast.com\/product\/yoast-seo-wordpress\/ -->\n<title>Descubra como funciona o museu - Discover the magic of the Illusion Museum - 3D FUN ART MUSEUM<\/title>\n<meta name=\"robots\" content=\"index, follow, max-snippet:-1, max-image-preview:large, max-video-preview:-1\" \/>\n<link rel=\"canonical\" href=\"https:\/\/3dfunart.com\/pt-pt\/descubra-como-funciona-o-museu\/\" \/>\n<meta property=\"og:locale\" content=\"pt_PT\" \/>\n<meta property=\"og:type\" content=\"article\" \/>\n<meta property=\"og:title\" content=\"Descubra como funciona o museu - Discover the magic of the Illusion Museum - 3D FUN ART MUSEUM\" \/>\n<meta property=\"og:description\" content=\"https:\/\/3dfunart.com\/wp-content\/uploads\/2025\/03\/45\u00b4\u00b4_3D-Fun-Art-Museum-_PTxs.mp4 Bem-vindo ao 3D Fun Art Museum! Estamos muito felizes em receb\u00ea-lo(a)! A nossa \u00e1rea de exposi\u00e7\u00e3o, encontra-se apenas num piso, onde est\u00e3o localizados todos os cen\u00e1rios. Cada cen\u00e1rio \u00e9 \u00fanico! Sempre que existir um autocolante no ch\u00e3o, este indica o local ideal para tirar a fotografia. Nos cen\u00e1rios sem autocolante no ch\u00e3o, recomendamos que [&hellip;]\" \/>\n<meta property=\"og:url\" content=\"https:\/\/3dfunart.com\/pt-pt\/descubra-como-funciona-o-museu\/\" \/>\n<meta property=\"og:site_name\" content=\"Discover the magic of the Illusion Museum - 3D FUN ART MUSEUM\" \/>\n<meta property=\"article:publisher\" content=\"https:\/\/www.facebook.com\/3dfunart\" \/>\n<meta property=\"article:modified_time\" content=\"2026-02-05T15:18:25+00:00\" \/>\n<meta name=\"twitter:card\" content=\"summary_large_image\" \/>\n<meta name=\"twitter:label1\" content=\"Tempo estimado de leitura\" \/>\n\t<meta name=\"twitter:data1\" content=\"1 minuto\" \/>\n<script type=\"application\/ld+json\" class=\"yoast-schema-graph\">{\"@context\":\"https:\/\/schema.org\",\"@graph\":[{\"@type\":\"WebPage\",\"@id\":\"https:\/\/3dfunart.com\/pt-pt\/descubra-como-funciona-o-museu\/\",\"url\":\"https:\/\/3dfunart.com\/pt-pt\/descubra-como-funciona-o-museu\/\",\"name\":\"Descubra como funciona o museu - Discover the magic of the Illusion Museum - 3D FUN ART MUSEUM\",\"isPartOf\":{\"@id\":\"https:\/\/3dfunart.com\/pt-pt\/#website\"},\"datePublished\":\"2025-02-28T16:08:12+00:00\",\"dateModified\":\"2026-02-05T15:18:25+00:00\",\"breadcrumb\":{\"@id\":\"https:\/\/3dfunart.com\/pt-pt\/descubra-como-funciona-o-museu\/#breadcrumb\"},\"inLanguage\":\"pt-PT\",\"potentialAction\":[{\"@type\":\"ReadAction\",\"target\":[\"https:\/\/3dfunart.com\/pt-pt\/descubra-como-funciona-o-museu\/\"]}]},{\"@type\":\"BreadcrumbList\",\"@id\":\"https:\/\/3dfunart.com\/pt-pt\/descubra-como-funciona-o-museu\/#breadcrumb\",\"itemListElement\":[{\"@type\":\"ListItem\",\"position\":1,\"name\":\"Home\",\"item\":\"https:\/\/3dfunart.com\/pt-pt\/\"},{\"@type\":\"ListItem\",\"position\":2,\"name\":\"Descubra como funciona o museu\"}]},{\"@type\":\"WebSite\",\"@id\":\"https:\/\/3dfunart.com\/pt-pt\/#website\",\"url\":\"https:\/\/3dfunart.com\/pt-pt\/\",\"name\":\"3D FUN ART MUSEUM\",\"description\":\"&quot;Step Into the Art, Capture the Fun!&quot;\",\"publisher\":{\"@id\":\"https:\/\/3dfunart.com\/pt-pt\/#organization\"},\"potentialAction\":[{\"@type\":\"SearchAction\",\"target\":{\"@type\":\"EntryPoint\",\"urlTemplate\":\"https:\/\/3dfunart.com\/pt-pt\/?s={search_term_string}\"},\"query-input\":{\"@type\":\"PropertyValueSpecification\",\"valueRequired\":true,\"valueName\":\"search_term_string\"}}],\"inLanguage\":\"pt-PT\"},{\"@type\":\"Organization\",\"@id\":\"https:\/\/3dfunart.com\/pt-pt\/#organization\",\"name\":\"3D Fun Art Museum\",\"url\":\"https:\/\/3dfunart.com\/pt-pt\/\",\"logo\":{\"@type\":\"ImageObject\",\"inLanguage\":\"pt-PT\",\"@id\":\"https:\/\/3dfunart.com\/pt-pt\/#\/schema\/logo\/image\/\",\"url\":\"http:\/\/3dfunart.com\/wp-content\/uploads\/2022\/03\/cropped-72logo3-funchal.png\",\"contentUrl\":\"http:\/\/3dfunart.com\/wp-content\/uploads\/2022\/03\/cropped-72logo3-funchal.png\",\"width\":241,\"height\":131,\"caption\":\"3D Fun Art Museum\"},\"image\":{\"@id\":\"https:\/\/3dfunart.com\/pt-pt\/#\/schema\/logo\/image\/\"},\"sameAs\":[\"https:\/\/www.facebook.com\/3dfunart\",\"https:\/\/www.instagram.com\/3dfunartmuseum\/\"]}]}<\/script>\n<!-- \/ Yoast SEO plugin. -->","yoast_head_json":{"title":"Descubra como funciona o museu - Discover the magic of the Illusion Museum - 3D FUN ART MUSEUM","robots":{"index":"index","follow":"follow","max-snippet":"max-snippet:-1","max-image-preview":"max-image-preview:large","max-video-preview":"max-video-preview:-1"},"canonical":"https:\/\/3dfunart.com\/pt-pt\/descubra-como-funciona-o-museu\/","og_locale":"pt_PT","og_type":"article","og_title":"Descubra como funciona o museu - Discover the magic of the Illusion Museum - 3D FUN ART MUSEUM","og_description":"https:\/\/3dfunart.com\/wp-content\/uploads\/2025\/03\/45\u00b4\u00b4_3D-Fun-Art-Museum-_PTxs.mp4 Bem-vindo ao 3D Fun Art Museum! Estamos muito felizes em receb\u00ea-lo(a)! A nossa \u00e1rea de exposi\u00e7\u00e3o, encontra-se apenas num piso, onde est\u00e3o localizados todos os cen\u00e1rios. Cada cen\u00e1rio \u00e9 \u00fanico! Sempre que existir um autocolante no ch\u00e3o, este indica o local ideal para tirar a fotografia. Nos cen\u00e1rios sem autocolante no ch\u00e3o, recomendamos que [&hellip;]","og_url":"https:\/\/3dfunart.com\/pt-pt\/descubra-como-funciona-o-museu\/","og_site_name":"Discover the magic of the Illusion Museum - 3D FUN ART MUSEUM","article_publisher":"https:\/\/www.facebook.com\/3dfunart","article_modified_time":"2026-02-05T15:18:25+00:00","twitter_card":"summary_large_image","twitter_misc":{"Tempo estimado de leitura":"1 minuto"},"schema":{"@context":"https:\/\/schema.org","@graph":[{"@type":"WebPage","@id":"https:\/\/3dfunart.com\/pt-pt\/descubra-como-funciona-o-museu\/","url":"https:\/\/3dfunart.com\/pt-pt\/descubra-como-funciona-o-museu\/","name":"Descubra como funciona o museu - Discover the magic of the Illusion Museum - 3D FUN ART MUSEUM","isPartOf":{"@id":"https:\/\/3dfunart.com\/pt-pt\/#website"},"datePublished":"2025-02-28T16:08:12+00:00","dateModified":"2026-02-05T15:18:25+00:00","breadcrumb":{"@id":"https:\/\/3dfunart.com\/pt-pt\/descubra-como-funciona-o-museu\/#breadcrumb"},"inLanguage":"pt-PT","potentialAction":[{"@type":"ReadAction","target":["https:\/\/3dfunart.com\/pt-pt\/descubra-como-funciona-o-museu\/"]}]},{"@type":"BreadcrumbList","@id":"https:\/\/3dfunart.com\/pt-pt\/descubra-como-funciona-o-museu\/#breadcrumb","itemListElement":[{"@type":"ListItem","position":1,"name":"Home","item":"https:\/\/3dfunart.com\/pt-pt\/"},{"@type":"ListItem","position":2,"name":"Descubra como funciona o museu"}]},{"@type":"WebSite","@id":"https:\/\/3dfunart.com\/pt-pt\/#website","url":"https:\/\/3dfunart.com\/pt-pt\/","name":"3D FUN ART MUSEUM","description":"&quot;Step Into the Art, Capture the Fun!&quot;","publisher":{"@id":"https:\/\/3dfunart.com\/pt-pt\/#organization"},"potentialAction":[{"@type":"SearchAction","target":{"@type":"EntryPoint","urlTemplate":"https:\/\/3dfunart.com\/pt-pt\/?s={search_term_string}"},"query-input":{"@type":"PropertyValueSpecification","valueRequired":true,"valueName":"search_term_string"}}],"inLanguage":"pt-PT"},{"@type":"Organization","@id":"https:\/\/3dfunart.com\/pt-pt\/#organization","name":"3D Fun Art Museum","url":"https:\/\/3dfunart.com\/pt-pt\/","logo":{"@type":"ImageObject","inLanguage":"pt-PT","@id":"https:\/\/3dfunart.com\/pt-pt\/#\/schema\/logo\/image\/","url":"http:\/\/3dfunart.com\/wp-content\/uploads\/2022\/03\/cropped-72logo3-funchal.png","contentUrl":"http:\/\/3dfunart.com\/wp-content\/uploads\/2022\/03\/cropped-72logo3-funchal.png","width":241,"height":131,"caption":"3D Fun Art Museum"},"image":{"@id":"https:\/\/3dfunart.com\/pt-pt\/#\/schema\/logo\/image\/"},"sameAs":["https:\/\/www.facebook.com\/3dfunart","https:\/\/www.instagram.com\/3dfunartmuseum\/"]}]}},"_links":{"self":[{"href":"https:\/\/3dfunart.com\/pt-pt\/wp-json\/wp\/v2\/pages\/27070","targetHints":{"allow":["GET"]}}],"collection":[{"href":"https:\/\/3dfunart.com\/pt-pt\/wp-json\/wp\/v2\/pages"}],"about":[{"href":"https:\/\/3dfunart.com\/pt-pt\/wp-json\/wp\/v2\/types\/page"}],"author":[{"embeddable":true,"href":"https:\/\/3dfunart.com\/pt-pt\/wp-json\/wp\/v2\/users\/1"}],"replies":[{"embeddable":true,"href":"https:\/\/3dfunart.com\/pt-pt\/wp-json\/wp\/v2\/comments?post=27070"}],"version-history":[{"count":24,"href":"https:\/\/3dfunart.com\/pt-pt\/wp-json\/wp\/v2\/pages\/27070\/revisions"}],"predecessor-version":[{"id":27234,"href":"https:\/\/3dfunart.com\/pt-pt\/wp-json\/wp\/v2\/pages\/27070\/revisions\/27234"}],"wp:attachment":[{"href":"https:\/\/3dfunart.com\/pt-pt\/wp-json\/wp\/v2\/media?parent=27070"}],"curies":[{"name":"wp","href":"https:\/\/api.w.org\/{rel}","templated":true}]}}