{"id":27066,"date":"2025-02-28T16:08:12","date_gmt":"2025-02-28T16:08:12","guid":{"rendered":"https:\/\/3dfunart.com\/decouvrez-le-fonctionnement-du-musee\/"},"modified":"2026-02-05T13:56:22","modified_gmt":"2026-02-05T13:56:22","slug":"decouvrez-le-fonctionnement-du-musee","status":"publish","type":"page","link":"https:\/\/3dfunart.com\/fr\/decouvrez-le-fonctionnement-du-musee\/","title":{"rendered":"D\u00e9couvrez le fonctionnement du mus\u00e9e"},"content":{"rendered":"\t\t<div data-elementor-type=\"wp-page\" data-elementor-id=\"27066\" class=\"elementor elementor-27066 elementor-27058\">\n\t\t\t\t<div class=\"elementor-element elementor-element-c20f2f5 e-flex e-con-boxed e-con e-parent\" data-id=\"c20f2f5\" data-element_type=\"container\" data-e-type=\"container\">\n\t\t\t\t\t<div class=\"e-con-inner\">\n\t\t\t\t<div class=\"elementor-element elementor-element-1303762 elementor-widget elementor-widget-video\" data-id=\"1303762\" data-element_type=\"widget\" data-e-type=\"widget\" data-settings=\"{&quot;video_type&quot;:&quot;hosted&quot;,&quot;autoplay&quot;:&quot;yes&quot;,&quot;play_on_mobile&quot;:&quot;yes&quot;,&quot;controls&quot;:&quot;yes&quot;}\" data-widget_type=\"video.default\">\n\t\t\t\t<div class=\"elementor-widget-container\">\n\t\t\t\t\t\t\t<div class=\"e-hosted-video elementor-wrapper elementor-open-inline\">\n\t\t\t\t\t<video class=\"elementor-video\" src=\"https:\/\/3dfunart.com\/wp-content\/uploads\/2025\/03\/45\u00b4\u00b4_3D-Fun-Art-Museum-_ENxs.mp4\" autoplay=\"\" controls=\"\" playsinline=\"\" controlsList=\"nodownload\"><\/video>\n\t\t\t\t<\/div>\n\t\t\t\t\t\t<\/div>\n\t\t\t\t<\/div>\n\t\t\t\t\t<\/div>\n\t\t\t\t<\/div>\n\t\t<div class=\"elementor-element elementor-element-ff74064 e-flex e-con-boxed e-con e-parent\" data-id=\"ff74064\" data-element_type=\"container\" data-e-type=\"container\">\n\t\t\t\t\t<div class=\"e-con-inner\">\n\t\t\t\t<div class=\"elementor-element elementor-element-80ea8fd elementor-widget elementor-widget-text-editor\" data-id=\"80ea8fd\" data-element_type=\"widget\" data-e-type=\"widget\" data-widget_type=\"text-editor.default\">\n\t\t\t\t<div class=\"elementor-widget-container\">\n\t\t\t\t\t\t\t\t\t<p class=\"ds-markdown-paragraph\"><strong>Soyez les bienvenus dans notre mus\u00e9e !<\/strong><br \/>Nous sommes ravis de vous accueillir !<\/p><p class=\"ds-markdown-paragraph\">Pour le moment, toutes nos\u00a0<strong>sc\u00e8nes photo<\/strong>\u00a0sont accessibles sur un seul et m\u00eame niveau, et se trouvent juste ici.<\/p><p class=\"ds-markdown-paragraph\"><strong>Comment \u00e7a marche :<\/strong><br \/>Chaque\u00a0<strong>sc\u00e8ne photo<\/strong>\u00a0est unique !<\/p><ul><li><p class=\"ds-markdown-paragraph\">Si vous voyez un\u00a0<strong>autocollant au sol<\/strong>, c\u2019est l\u2019emplacement id\u00e9al pour prendre votre photo.<\/p><\/li><li><p class=\"ds-markdown-paragraph\">Pour les sc\u00e8nes sans autocollant, nous vous recommandons de photographier face \u00e0 la sc\u00e8ne.<\/p><\/li><li><p class=\"ds-markdown-paragraph\">Pour vous aider \u00e0 trouver le meilleur angle, des exemples de photos sont affich\u00e9s \u00e0 proximit\u00e9 de chaque sc\u00e8ne.<\/p><\/li><\/ul><p class=\"ds-markdown-paragraph\">Prenez le temps d\u2019explorer le mus\u00e9e et de choisir votre sc\u00e8ne pr\u00e9f\u00e9r\u00e9e. Si vous avez besoin d\u2019aide, notre \u00e9quipe sera heureuse de vous accompagner.<\/p><p class=\"ds-markdown-paragraph\"><strong>\ud83d\udcf8 Astuce photo :<\/strong>\u00a0Pour un meilleur r\u00e9sultat, r\u00e9glez l\u2019appareil photo de votre t\u00e9l\u00e9phone sur le format\u00a0<strong>3:4 ou 4:3<\/strong>.<\/p><p class=\"ds-markdown-paragraph\">Nous vous souhaitons une excellente visite et beaucoup d\u2019amusement !<\/p>\t\t\t\t\t\t\t\t<\/div>\n\t\t\t\t<\/div>\n\t\t\t\t\t<\/div>\n\t\t\t\t<\/div>\n\t\t\t\t<\/div>\n\t\t","protected":false},"excerpt":{"rendered":"<p>https:\/\/3dfunart.com\/wp-content\/uploads\/2025\/03\/45\u00b4\u00b4_3D-Fun-Art-Museum-_ENxs.mp4 Soyez les bienvenus dans notre mus\u00e9e !Nous sommes ravis de vous accueillir ! Pour le moment, toutes nos\u00a0sc\u00e8nes photo\u00a0sont accessibles sur un seul et m\u00eame niveau, et se trouvent juste ici. Comment \u00e7a marche :Chaque\u00a0sc\u00e8ne photo\u00a0est unique ! Si vous voyez un\u00a0autocollant au sol, c\u2019est l\u2019emplacement id\u00e9al pour prendre votre photo. Pour les sc\u00e8nes [&hellip;]<\/p>\n","protected":false},"author":1,"featured_media":0,"parent":0,"menu_order":0,"comment_status":"closed","ping_status":"closed","template":"","meta":{"site-sidebar-layout":"no-sidebar","site-content-layout":"page-builder","ast-site-content-layout":"full-width-container","site-content-style":"default","site-sidebar-style":"default","ast-global-header-display":"","ast-banner-title-visibility":"","ast-main-header-display":"","ast-hfb-above-header-display":"","ast-hfb-below-header-display":"","ast-hfb-mobile-header-display":"","site-post-title":"disabled","ast-breadcrumbs-content":"","ast-featured-img":"disabled","footer-sml-layout":"","ast-disable-related-posts":"","theme-transparent-header-meta":"","adv-header-id-meta":"","stick-header-meta":"","header-above-stick-meta":"","header-main-stick-meta":"","header-below-stick-meta":"","astra-migrate-meta-layouts":"default","ast-page-background-enabled":"default","ast-page-background-meta":{"desktop":{"background-color":"","background-image":"","background-repeat":"repeat","background-position":"center center","background-size":"auto","background-attachment":"scroll","background-type":"","background-media":"","overlay-type":"","overlay-color":"","overlay-opacity":"","overlay-gradient":""},"tablet":{"background-color":"","background-image":"","background-repeat":"repeat","background-position":"center center","background-size":"auto","background-attachment":"scroll","background-type":"","background-media":"","overlay-type":"","overlay-color":"","overlay-opacity":"","overlay-gradient":""},"mobile":{"background-color":"","background-image":"","background-repeat":"repeat","background-position":"center center","background-size":"auto","background-attachment":"scroll","background-type":"","background-media":"","overlay-type":"","overlay-color":"","overlay-opacity":"","overlay-gradient":""}},"ast-content-background-meta":{"desktop":{"background-color":"var(--ast-global-color-5)","background-image":"","background-repeat":"repeat","background-position":"center center","background-size":"auto","background-attachment":"scroll","background-type":"","background-media":"","overlay-type":"","overlay-color":"","overlay-opacity":"","overlay-gradient":""},"tablet":{"background-color":"var(--ast-global-color-5)","background-image":"","background-repeat":"repeat","background-position":"center center","background-size":"auto","background-attachment":"scroll","background-type":"","background-media":"","overlay-type":"","overlay-color":"","overlay-opacity":"","overlay-gradient":""},"mobile":{"background-color":"var(--ast-global-color-5)","background-image":"","background-repeat":"repeat","background-position":"center center","background-size":"auto","background-attachment":"scroll","background-type":"","background-media":"","overlay-type":"","overlay-color":"","overlay-opacity":"","overlay-gradient":""}},"footnotes":""},"class_list":["post-27066","page","type-page","status-publish","hentry"],"yoast_head":"<!-- This site is optimized with the Yoast SEO plugin v27.2 - https:\/\/yoast.com\/product\/yoast-seo-wordpress\/ -->\n<title>D\u00e9couvrez le fonctionnement du mus\u00e9e - Discover the magic of the Illusion Museum - 3D FUN ART MUSEUM<\/title>\n<meta name=\"robots\" content=\"index, follow, max-snippet:-1, max-image-preview:large, max-video-preview:-1\" \/>\n<link rel=\"canonical\" href=\"https:\/\/3dfunart.com\/fr\/decouvrez-le-fonctionnement-du-musee\/\" \/>\n<meta property=\"og:locale\" content=\"fr_FR\" \/>\n<meta property=\"og:type\" content=\"article\" \/>\n<meta property=\"og:title\" content=\"D\u00e9couvrez le fonctionnement du mus\u00e9e - Discover the magic of the Illusion Museum - 3D FUN ART MUSEUM\" \/>\n<meta property=\"og:description\" content=\"https:\/\/3dfunart.com\/wp-content\/uploads\/2025\/03\/45\u00b4\u00b4_3D-Fun-Art-Museum-_ENxs.mp4 Soyez les bienvenus dans notre mus\u00e9e !Nous sommes ravis de vous accueillir ! Pour le moment, toutes nos\u00a0sc\u00e8nes photo\u00a0sont accessibles sur un seul et m\u00eame niveau, et se trouvent juste ici. Comment \u00e7a marche :Chaque\u00a0sc\u00e8ne photo\u00a0est unique ! Si vous voyez un\u00a0autocollant au sol, c\u2019est l\u2019emplacement id\u00e9al pour prendre votre photo. Pour les sc\u00e8nes [&hellip;]\" \/>\n<meta property=\"og:url\" content=\"https:\/\/3dfunart.com\/fr\/decouvrez-le-fonctionnement-du-musee\/\" \/>\n<meta property=\"og:site_name\" content=\"Discover the magic of the Illusion Museum - 3D FUN ART MUSEUM\" \/>\n<meta property=\"article:publisher\" content=\"https:\/\/www.facebook.com\/3dfunart\" \/>\n<meta property=\"article:modified_time\" content=\"2026-02-05T13:56:22+00:00\" \/>\n<meta name=\"twitter:card\" content=\"summary_large_image\" \/>\n<meta name=\"twitter:label1\" content=\"Dur\u00e9e de lecture estim\u00e9e\" \/>\n\t<meta name=\"twitter:data1\" content=\"1 minute\" \/>\n<script type=\"application\/ld+json\" class=\"yoast-schema-graph\">{\"@context\":\"https:\/\/schema.org\",\"@graph\":[{\"@type\":\"WebPage\",\"@id\":\"https:\/\/3dfunart.com\/fr\/decouvrez-le-fonctionnement-du-musee\/\",\"url\":\"https:\/\/3dfunart.com\/fr\/decouvrez-le-fonctionnement-du-musee\/\",\"name\":\"D\u00e9couvrez le fonctionnement du mus\u00e9e - Discover the magic of the Illusion Museum - 3D FUN ART MUSEUM\",\"isPartOf\":{\"@id\":\"https:\/\/3dfunart.com\/fr\/#website\"},\"datePublished\":\"2025-02-28T16:08:12+00:00\",\"dateModified\":\"2026-02-05T13:56:22+00:00\",\"breadcrumb\":{\"@id\":\"https:\/\/3dfunart.com\/fr\/decouvrez-le-fonctionnement-du-musee\/#breadcrumb\"},\"inLanguage\":\"fr-FR\",\"potentialAction\":[{\"@type\":\"ReadAction\",\"target\":[\"https:\/\/3dfunart.com\/fr\/decouvrez-le-fonctionnement-du-musee\/\"]}]},{\"@type\":\"BreadcrumbList\",\"@id\":\"https:\/\/3dfunart.com\/fr\/decouvrez-le-fonctionnement-du-musee\/#breadcrumb\",\"itemListElement\":[{\"@type\":\"ListItem\",\"position\":1,\"name\":\"Home\",\"item\":\"https:\/\/3dfunart.com\/fr\/\"},{\"@type\":\"ListItem\",\"position\":2,\"name\":\"D\u00e9couvrez le fonctionnement du mus\u00e9e\"}]},{\"@type\":\"WebSite\",\"@id\":\"https:\/\/3dfunart.com\/fr\/#website\",\"url\":\"https:\/\/3dfunart.com\/fr\/\",\"name\":\"3D FUN ART MUSEUM\",\"description\":\"&quot;Step Into the Art, Capture the Fun!&quot;\",\"publisher\":{\"@id\":\"https:\/\/3dfunart.com\/fr\/#organization\"},\"potentialAction\":[{\"@type\":\"SearchAction\",\"target\":{\"@type\":\"EntryPoint\",\"urlTemplate\":\"https:\/\/3dfunart.com\/fr\/?s={search_term_string}\"},\"query-input\":{\"@type\":\"PropertyValueSpecification\",\"valueRequired\":true,\"valueName\":\"search_term_string\"}}],\"inLanguage\":\"fr-FR\"},{\"@type\":\"Organization\",\"@id\":\"https:\/\/3dfunart.com\/fr\/#organization\",\"name\":\"3D Fun Art Museum\",\"url\":\"https:\/\/3dfunart.com\/fr\/\",\"logo\":{\"@type\":\"ImageObject\",\"inLanguage\":\"fr-FR\",\"@id\":\"https:\/\/3dfunart.com\/fr\/#\/schema\/logo\/image\/\",\"url\":\"http:\/\/3dfunart.com\/wp-content\/uploads\/2022\/03\/cropped-72logo3-funchal.png\",\"contentUrl\":\"http:\/\/3dfunart.com\/wp-content\/uploads\/2022\/03\/cropped-72logo3-funchal.png\",\"width\":241,\"height\":131,\"caption\":\"3D Fun Art Museum\"},\"image\":{\"@id\":\"https:\/\/3dfunart.com\/fr\/#\/schema\/logo\/image\/\"},\"sameAs\":[\"https:\/\/www.facebook.com\/3dfunart\",\"https:\/\/www.instagram.com\/3dfunartmuseum\/\"]}]}<\/script>\n<!-- \/ Yoast SEO plugin. -->","yoast_head_json":{"title":"D\u00e9couvrez le fonctionnement du mus\u00e9e - Discover the magic of the Illusion Museum - 3D FUN ART MUSEUM","robots":{"index":"index","follow":"follow","max-snippet":"max-snippet:-1","max-image-preview":"max-image-preview:large","max-video-preview":"max-video-preview:-1"},"canonical":"https:\/\/3dfunart.com\/fr\/decouvrez-le-fonctionnement-du-musee\/","og_locale":"fr_FR","og_type":"article","og_title":"D\u00e9couvrez le fonctionnement du mus\u00e9e - Discover the magic of the Illusion Museum - 3D FUN ART MUSEUM","og_description":"https:\/\/3dfunart.com\/wp-content\/uploads\/2025\/03\/45\u00b4\u00b4_3D-Fun-Art-Museum-_ENxs.mp4 Soyez les bienvenus dans notre mus\u00e9e !Nous sommes ravis de vous accueillir ! Pour le moment, toutes nos\u00a0sc\u00e8nes photo\u00a0sont accessibles sur un seul et m\u00eame niveau, et se trouvent juste ici. Comment \u00e7a marche :Chaque\u00a0sc\u00e8ne photo\u00a0est unique ! Si vous voyez un\u00a0autocollant au sol, c\u2019est l\u2019emplacement id\u00e9al pour prendre votre photo. Pour les sc\u00e8nes [&hellip;]","og_url":"https:\/\/3dfunart.com\/fr\/decouvrez-le-fonctionnement-du-musee\/","og_site_name":"Discover the magic of the Illusion Museum - 3D FUN ART MUSEUM","article_publisher":"https:\/\/www.facebook.com\/3dfunart","article_modified_time":"2026-02-05T13:56:22+00:00","twitter_card":"summary_large_image","twitter_misc":{"Dur\u00e9e de lecture estim\u00e9e":"1 minute"},"schema":{"@context":"https:\/\/schema.org","@graph":[{"@type":"WebPage","@id":"https:\/\/3dfunart.com\/fr\/decouvrez-le-fonctionnement-du-musee\/","url":"https:\/\/3dfunart.com\/fr\/decouvrez-le-fonctionnement-du-musee\/","name":"D\u00e9couvrez le fonctionnement du mus\u00e9e - Discover the magic of the Illusion Museum - 3D FUN ART MUSEUM","isPartOf":{"@id":"https:\/\/3dfunart.com\/fr\/#website"},"datePublished":"2025-02-28T16:08:12+00:00","dateModified":"2026-02-05T13:56:22+00:00","breadcrumb":{"@id":"https:\/\/3dfunart.com\/fr\/decouvrez-le-fonctionnement-du-musee\/#breadcrumb"},"inLanguage":"fr-FR","potentialAction":[{"@type":"ReadAction","target":["https:\/\/3dfunart.com\/fr\/decouvrez-le-fonctionnement-du-musee\/"]}]},{"@type":"BreadcrumbList","@id":"https:\/\/3dfunart.com\/fr\/decouvrez-le-fonctionnement-du-musee\/#breadcrumb","itemListElement":[{"@type":"ListItem","position":1,"name":"Home","item":"https:\/\/3dfunart.com\/fr\/"},{"@type":"ListItem","position":2,"name":"D\u00e9couvrez le fonctionnement du mus\u00e9e"}]},{"@type":"WebSite","@id":"https:\/\/3dfunart.com\/fr\/#website","url":"https:\/\/3dfunart.com\/fr\/","name":"3D FUN ART MUSEUM","description":"&quot;Step Into the Art, Capture the Fun!&quot;","publisher":{"@id":"https:\/\/3dfunart.com\/fr\/#organization"},"potentialAction":[{"@type":"SearchAction","target":{"@type":"EntryPoint","urlTemplate":"https:\/\/3dfunart.com\/fr\/?s={search_term_string}"},"query-input":{"@type":"PropertyValueSpecification","valueRequired":true,"valueName":"search_term_string"}}],"inLanguage":"fr-FR"},{"@type":"Organization","@id":"https:\/\/3dfunart.com\/fr\/#organization","name":"3D Fun Art Museum","url":"https:\/\/3dfunart.com\/fr\/","logo":{"@type":"ImageObject","inLanguage":"fr-FR","@id":"https:\/\/3dfunart.com\/fr\/#\/schema\/logo\/image\/","url":"http:\/\/3dfunart.com\/wp-content\/uploads\/2022\/03\/cropped-72logo3-funchal.png","contentUrl":"http:\/\/3dfunart.com\/wp-content\/uploads\/2022\/03\/cropped-72logo3-funchal.png","width":241,"height":131,"caption":"3D Fun Art Museum"},"image":{"@id":"https:\/\/3dfunart.com\/fr\/#\/schema\/logo\/image\/"},"sameAs":["https:\/\/www.facebook.com\/3dfunart","https:\/\/www.instagram.com\/3dfunartmuseum\/"]}]}},"_links":{"self":[{"href":"https:\/\/3dfunart.com\/fr\/wp-json\/wp\/v2\/pages\/27066","targetHints":{"allow":["GET"]}}],"collection":[{"href":"https:\/\/3dfunart.com\/fr\/wp-json\/wp\/v2\/pages"}],"about":[{"href":"https:\/\/3dfunart.com\/fr\/wp-json\/wp\/v2\/types\/page"}],"author":[{"embeddable":true,"href":"https:\/\/3dfunart.com\/fr\/wp-json\/wp\/v2\/users\/1"}],"replies":[{"embeddable":true,"href":"https:\/\/3dfunart.com\/fr\/wp-json\/wp\/v2\/comments?post=27066"}],"version-history":[{"count":10,"href":"https:\/\/3dfunart.com\/fr\/wp-json\/wp\/v2\/pages\/27066\/revisions"}],"predecessor-version":[{"id":27211,"href":"https:\/\/3dfunart.com\/fr\/wp-json\/wp\/v2\/pages\/27066\/revisions\/27211"}],"wp:attachment":[{"href":"https:\/\/3dfunart.com\/fr\/wp-json\/wp\/v2\/media?parent=27066"}],"curies":[{"name":"wp","href":"https:\/\/api.w.org\/{rel}","templated":true}]}}