{"id":27074,"date":"2025-02-28T16:08:12","date_gmt":"2025-02-28T16:08:12","guid":{"rendered":"https:\/\/3dfunart.com\/descubra-como-funciona-el-museo\/"},"modified":"2026-02-09T13:49:44","modified_gmt":"2026-02-09T13:49:44","slug":"descubra-como-funciona-el-museo","status":"publish","type":"page","link":"https:\/\/3dfunart.com\/es\/descubra-como-funciona-el-museo\/","title":{"rendered":"Descubra c\u00f3mo funciona el museo"},"content":{"rendered":"\t\t<div data-elementor-type=\"wp-page\" data-elementor-id=\"27074\" class=\"elementor elementor-27074 elementor-27058\">\n\t\t\t\t<div class=\"elementor-element elementor-element-c20f2f5 e-flex e-con-boxed e-con e-parent\" data-id=\"c20f2f5\" data-element_type=\"container\" data-e-type=\"container\">\n\t\t\t\t\t<div class=\"e-con-inner\">\n\t\t\t\t<div class=\"elementor-element elementor-element-1303762 elementor-widget elementor-widget-video\" data-id=\"1303762\" data-element_type=\"widget\" data-e-type=\"widget\" data-settings=\"{&quot;video_type&quot;:&quot;hosted&quot;,&quot;autoplay&quot;:&quot;yes&quot;,&quot;play_on_mobile&quot;:&quot;yes&quot;,&quot;controls&quot;:&quot;yes&quot;}\" data-widget_type=\"video.default\">\n\t\t\t\t<div class=\"elementor-widget-container\">\n\t\t\t\t\t\t\t<div class=\"e-hosted-video elementor-wrapper elementor-open-inline\">\n\t\t\t\t\t<video class=\"elementor-video\" src=\"https:\/\/3dfunart.com\/wp-content\/uploads\/2025\/03\/45\u00b4\u00b4_3D-Fun-Art-Museum-_ENxs.mp4\" autoplay=\"\" controls=\"\" playsinline=\"\" controlsList=\"nodownload\"><\/video>\n\t\t\t\t<\/div>\n\t\t\t\t\t\t<\/div>\n\t\t\t\t<\/div>\n\t\t\t\t\t<\/div>\n\t\t\t\t<\/div>\n\t\t<div class=\"elementor-element elementor-element-ff74064 e-flex e-con-boxed e-con e-parent\" data-id=\"ff74064\" data-element_type=\"container\" data-e-type=\"container\">\n\t\t\t\t\t<div class=\"e-con-inner\">\n\t\t\t\t<div class=\"elementor-element elementor-element-80ea8fd elementor-widget elementor-widget-text-editor\" data-id=\"80ea8fd\" data-element_type=\"widget\" data-e-type=\"widget\" data-widget_type=\"text-editor.default\">\n\t\t\t\t<div class=\"elementor-widget-container\">\n\t\t\t\t\t\t\t\t\t<p data-start=\"0\" data-end=\"153\">\u00a1Estamos encantados de darte la bienvenida!<br data-start=\"43\" data-end=\"46\" \/>Nuestro museo est\u00e1 actualmente abierto en una sola planta, y todos los escenarios se encuentran aqu\u00ed mismo.<\/p><p data-start=\"155\" data-end=\"436\">\u00a1Cada escenario es \u00fanico! Si un escenario tiene una pegatina en el suelo, indica el lugar perfecto para tu foto. En los escenarios sin pegatina, te recomendamos tomar la foto desde el frente. Para ayudarte a encontrar los mejores \u00e1ngulos, ver\u00e1s im\u00e1genes de ejemplo expuestas cerca.<\/p><p data-start=\"438\" data-end=\"584\">T\u00f3mate tu tiempo para explorar el museo y elegir tu escenario favorito. Si necesitas ayuda, nuestro amable personal estar\u00e1 encantado de asistirte.<\/p><p data-start=\"586\" data-end=\"704\">\ud83d\udcf8 <strong data-start=\"589\" data-end=\"613\">Consejo fotogr\u00e1fico:<\/strong> Para obtener los mejores resultados, configura la c\u00e1mara de tu m\u00f3vil en formato 3:4 o 4:3.<\/p><p data-start=\"706\" data-end=\"771\" data-is-last-node=\"\" data-is-only-node=\"\">\u00a1Te deseamos una experiencia fant\u00e1stica y que te diviertas mucho!<\/p>\t\t\t\t\t\t\t\t<\/div>\n\t\t\t\t<\/div>\n\t\t\t\t\t<\/div>\n\t\t\t\t<\/div>\n\t\t\t\t<\/div>\n\t\t","protected":false},"excerpt":{"rendered":"<p>https:\/\/3dfunart.com\/wp-content\/uploads\/2025\/03\/45\u00b4\u00b4_3D-Fun-Art-Museum-_ENxs.mp4 \u00a1Estamos encantados de darte la bienvenida!Nuestro museo est\u00e1 actualmente abierto en una sola planta, y todos los escenarios se encuentran aqu\u00ed mismo. \u00a1Cada escenario es \u00fanico! Si un escenario tiene una pegatina en el suelo, indica el lugar perfecto para tu foto. En los escenarios sin pegatina, te recomendamos tomar la foto desde el [&hellip;]<\/p>\n","protected":false},"author":1,"featured_media":0,"parent":0,"menu_order":0,"comment_status":"closed","ping_status":"closed","template":"","meta":{"site-sidebar-layout":"no-sidebar","site-content-layout":"page-builder","ast-site-content-layout":"full-width-container","site-content-style":"default","site-sidebar-style":"default","ast-global-header-display":"","ast-banner-title-visibility":"","ast-main-header-display":"","ast-hfb-above-header-display":"","ast-hfb-below-header-display":"","ast-hfb-mobile-header-display":"","site-post-title":"disabled","ast-breadcrumbs-content":"","ast-featured-img":"disabled","footer-sml-layout":"","ast-disable-related-posts":"","theme-transparent-header-meta":"","adv-header-id-meta":"","stick-header-meta":"","header-above-stick-meta":"","header-main-stick-meta":"","header-below-stick-meta":"","astra-migrate-meta-layouts":"default","ast-page-background-enabled":"default","ast-page-background-meta":{"desktop":{"background-color":"","background-image":"","background-repeat":"repeat","background-position":"center center","background-size":"auto","background-attachment":"scroll","background-type":"","background-media":"","overlay-type":"","overlay-color":"","overlay-opacity":"","overlay-gradient":""},"tablet":{"background-color":"","background-image":"","background-repeat":"repeat","background-position":"center center","background-size":"auto","background-attachment":"scroll","background-type":"","background-media":"","overlay-type":"","overlay-color":"","overlay-opacity":"","overlay-gradient":""},"mobile":{"background-color":"","background-image":"","background-repeat":"repeat","background-position":"center center","background-size":"auto","background-attachment":"scroll","background-type":"","background-media":"","overlay-type":"","overlay-color":"","overlay-opacity":"","overlay-gradient":""}},"ast-content-background-meta":{"desktop":{"background-color":"var(--ast-global-color-5)","background-image":"","background-repeat":"repeat","background-position":"center center","background-size":"auto","background-attachment":"scroll","background-type":"","background-media":"","overlay-type":"","overlay-color":"","overlay-opacity":"","overlay-gradient":""},"tablet":{"background-color":"var(--ast-global-color-5)","background-image":"","background-repeat":"repeat","background-position":"center center","background-size":"auto","background-attachment":"scroll","background-type":"","background-media":"","overlay-type":"","overlay-color":"","overlay-opacity":"","overlay-gradient":""},"mobile":{"background-color":"var(--ast-global-color-5)","background-image":"","background-repeat":"repeat","background-position":"center center","background-size":"auto","background-attachment":"scroll","background-type":"","background-media":"","overlay-type":"","overlay-color":"","overlay-opacity":"","overlay-gradient":""}},"footnotes":""},"class_list":["post-27074","page","type-page","status-publish","hentry"],"yoast_head":"<!-- This site is optimized with the Yoast SEO plugin v27.2 - https:\/\/yoast.com\/product\/yoast-seo-wordpress\/ -->\n<title>Descubra c\u00f3mo funciona el museo - Discover the magic of the Illusion Museum - 3D FUN ART MUSEUM<\/title>\n<meta name=\"robots\" content=\"index, follow, max-snippet:-1, max-image-preview:large, max-video-preview:-1\" \/>\n<link rel=\"canonical\" href=\"https:\/\/3dfunart.com\/es\/descubra-como-funciona-el-museo\/\" \/>\n<meta property=\"og:locale\" content=\"es_ES\" \/>\n<meta property=\"og:type\" content=\"article\" \/>\n<meta property=\"og:title\" content=\"Descubra c\u00f3mo funciona el museo - Discover the magic of the Illusion Museum - 3D FUN ART MUSEUM\" \/>\n<meta property=\"og:description\" content=\"https:\/\/3dfunart.com\/wp-content\/uploads\/2025\/03\/45\u00b4\u00b4_3D-Fun-Art-Museum-_ENxs.mp4 \u00a1Estamos encantados de darte la bienvenida!Nuestro museo est\u00e1 actualmente abierto en una sola planta, y todos los escenarios se encuentran aqu\u00ed mismo. \u00a1Cada escenario es \u00fanico! Si un escenario tiene una pegatina en el suelo, indica el lugar perfecto para tu foto. En los escenarios sin pegatina, te recomendamos tomar la foto desde el [&hellip;]\" \/>\n<meta property=\"og:url\" content=\"https:\/\/3dfunart.com\/es\/descubra-como-funciona-el-museo\/\" \/>\n<meta property=\"og:site_name\" content=\"Discover the magic of the Illusion Museum - 3D FUN ART MUSEUM\" \/>\n<meta property=\"article:publisher\" content=\"https:\/\/www.facebook.com\/3dfunart\" \/>\n<meta property=\"article:modified_time\" content=\"2026-02-09T13:49:44+00:00\" \/>\n<meta name=\"twitter:card\" content=\"summary_large_image\" \/>\n<meta name=\"twitter:label1\" content=\"Tiempo de lectura\" \/>\n\t<meta name=\"twitter:data1\" content=\"1 minuto\" \/>\n<script type=\"application\/ld+json\" class=\"yoast-schema-graph\">{\"@context\":\"https:\/\/schema.org\",\"@graph\":[{\"@type\":\"WebPage\",\"@id\":\"https:\/\/3dfunart.com\/es\/descubra-como-funciona-el-museo\/\",\"url\":\"https:\/\/3dfunart.com\/es\/descubra-como-funciona-el-museo\/\",\"name\":\"Descubra c\u00f3mo funciona el museo - Discover the magic of the Illusion Museum - 3D FUN ART MUSEUM\",\"isPartOf\":{\"@id\":\"https:\/\/3dfunart.com\/es\/#website\"},\"datePublished\":\"2025-02-28T16:08:12+00:00\",\"dateModified\":\"2026-02-09T13:49:44+00:00\",\"breadcrumb\":{\"@id\":\"https:\/\/3dfunart.com\/es\/descubra-como-funciona-el-museo\/#breadcrumb\"},\"inLanguage\":\"es\",\"potentialAction\":[{\"@type\":\"ReadAction\",\"target\":[\"https:\/\/3dfunart.com\/es\/descubra-como-funciona-el-museo\/\"]}]},{\"@type\":\"BreadcrumbList\",\"@id\":\"https:\/\/3dfunart.com\/es\/descubra-como-funciona-el-museo\/#breadcrumb\",\"itemListElement\":[{\"@type\":\"ListItem\",\"position\":1,\"name\":\"Home\",\"item\":\"https:\/\/3dfunart.com\/es\/\"},{\"@type\":\"ListItem\",\"position\":2,\"name\":\"Descubra c\u00f3mo funciona el museo\"}]},{\"@type\":\"WebSite\",\"@id\":\"https:\/\/3dfunart.com\/es\/#website\",\"url\":\"https:\/\/3dfunart.com\/es\/\",\"name\":\"3D FUN ART MUSEUM\",\"description\":\"&quot;Step Into the Art, Capture the Fun!&quot;\",\"publisher\":{\"@id\":\"https:\/\/3dfunart.com\/es\/#organization\"},\"potentialAction\":[{\"@type\":\"SearchAction\",\"target\":{\"@type\":\"EntryPoint\",\"urlTemplate\":\"https:\/\/3dfunart.com\/es\/?s={search_term_string}\"},\"query-input\":{\"@type\":\"PropertyValueSpecification\",\"valueRequired\":true,\"valueName\":\"search_term_string\"}}],\"inLanguage\":\"es\"},{\"@type\":\"Organization\",\"@id\":\"https:\/\/3dfunart.com\/es\/#organization\",\"name\":\"3D Fun Art Museum\",\"url\":\"https:\/\/3dfunart.com\/es\/\",\"logo\":{\"@type\":\"ImageObject\",\"inLanguage\":\"es\",\"@id\":\"https:\/\/3dfunart.com\/es\/#\/schema\/logo\/image\/\",\"url\":\"http:\/\/3dfunart.com\/wp-content\/uploads\/2022\/03\/cropped-72logo3-funchal.png\",\"contentUrl\":\"http:\/\/3dfunart.com\/wp-content\/uploads\/2022\/03\/cropped-72logo3-funchal.png\",\"width\":241,\"height\":131,\"caption\":\"3D Fun Art Museum\"},\"image\":{\"@id\":\"https:\/\/3dfunart.com\/es\/#\/schema\/logo\/image\/\"},\"sameAs\":[\"https:\/\/www.facebook.com\/3dfunart\",\"https:\/\/www.instagram.com\/3dfunartmuseum\/\"]}]}<\/script>\n<!-- \/ Yoast SEO plugin. -->","yoast_head_json":{"title":"Descubra c\u00f3mo funciona el museo - Discover the magic of the Illusion Museum - 3D FUN ART MUSEUM","robots":{"index":"index","follow":"follow","max-snippet":"max-snippet:-1","max-image-preview":"max-image-preview:large","max-video-preview":"max-video-preview:-1"},"canonical":"https:\/\/3dfunart.com\/es\/descubra-como-funciona-el-museo\/","og_locale":"es_ES","og_type":"article","og_title":"Descubra c\u00f3mo funciona el museo - Discover the magic of the Illusion Museum - 3D FUN ART MUSEUM","og_description":"https:\/\/3dfunart.com\/wp-content\/uploads\/2025\/03\/45\u00b4\u00b4_3D-Fun-Art-Museum-_ENxs.mp4 \u00a1Estamos encantados de darte la bienvenida!Nuestro museo est\u00e1 actualmente abierto en una sola planta, y todos los escenarios se encuentran aqu\u00ed mismo. \u00a1Cada escenario es \u00fanico! Si un escenario tiene una pegatina en el suelo, indica el lugar perfecto para tu foto. En los escenarios sin pegatina, te recomendamos tomar la foto desde el [&hellip;]","og_url":"https:\/\/3dfunart.com\/es\/descubra-como-funciona-el-museo\/","og_site_name":"Discover the magic of the Illusion Museum - 3D FUN ART MUSEUM","article_publisher":"https:\/\/www.facebook.com\/3dfunart","article_modified_time":"2026-02-09T13:49:44+00:00","twitter_card":"summary_large_image","twitter_misc":{"Tiempo de lectura":"1 minuto"},"schema":{"@context":"https:\/\/schema.org","@graph":[{"@type":"WebPage","@id":"https:\/\/3dfunart.com\/es\/descubra-como-funciona-el-museo\/","url":"https:\/\/3dfunart.com\/es\/descubra-como-funciona-el-museo\/","name":"Descubra c\u00f3mo funciona el museo - Discover the magic of the Illusion Museum - 3D FUN ART MUSEUM","isPartOf":{"@id":"https:\/\/3dfunart.com\/es\/#website"},"datePublished":"2025-02-28T16:08:12+00:00","dateModified":"2026-02-09T13:49:44+00:00","breadcrumb":{"@id":"https:\/\/3dfunart.com\/es\/descubra-como-funciona-el-museo\/#breadcrumb"},"inLanguage":"es","potentialAction":[{"@type":"ReadAction","target":["https:\/\/3dfunart.com\/es\/descubra-como-funciona-el-museo\/"]}]},{"@type":"BreadcrumbList","@id":"https:\/\/3dfunart.com\/es\/descubra-como-funciona-el-museo\/#breadcrumb","itemListElement":[{"@type":"ListItem","position":1,"name":"Home","item":"https:\/\/3dfunart.com\/es\/"},{"@type":"ListItem","position":2,"name":"Descubra c\u00f3mo funciona el museo"}]},{"@type":"WebSite","@id":"https:\/\/3dfunart.com\/es\/#website","url":"https:\/\/3dfunart.com\/es\/","name":"3D FUN ART MUSEUM","description":"&quot;Step Into the Art, Capture the Fun!&quot;","publisher":{"@id":"https:\/\/3dfunart.com\/es\/#organization"},"potentialAction":[{"@type":"SearchAction","target":{"@type":"EntryPoint","urlTemplate":"https:\/\/3dfunart.com\/es\/?s={search_term_string}"},"query-input":{"@type":"PropertyValueSpecification","valueRequired":true,"valueName":"search_term_string"}}],"inLanguage":"es"},{"@type":"Organization","@id":"https:\/\/3dfunart.com\/es\/#organization","name":"3D Fun Art Museum","url":"https:\/\/3dfunart.com\/es\/","logo":{"@type":"ImageObject","inLanguage":"es","@id":"https:\/\/3dfunart.com\/es\/#\/schema\/logo\/image\/","url":"http:\/\/3dfunart.com\/wp-content\/uploads\/2022\/03\/cropped-72logo3-funchal.png","contentUrl":"http:\/\/3dfunart.com\/wp-content\/uploads\/2022\/03\/cropped-72logo3-funchal.png","width":241,"height":131,"caption":"3D Fun Art Museum"},"image":{"@id":"https:\/\/3dfunart.com\/es\/#\/schema\/logo\/image\/"},"sameAs":["https:\/\/www.facebook.com\/3dfunart","https:\/\/www.instagram.com\/3dfunartmuseum\/"]}]}},"_links":{"self":[{"href":"https:\/\/3dfunart.com\/es\/wp-json\/wp\/v2\/pages\/27074","targetHints":{"allow":["GET"]}}],"collection":[{"href":"https:\/\/3dfunart.com\/es\/wp-json\/wp\/v2\/pages"}],"about":[{"href":"https:\/\/3dfunart.com\/es\/wp-json\/wp\/v2\/types\/page"}],"author":[{"embeddable":true,"href":"https:\/\/3dfunart.com\/es\/wp-json\/wp\/v2\/users\/1"}],"replies":[{"embeddable":true,"href":"https:\/\/3dfunart.com\/es\/wp-json\/wp\/v2\/comments?post=27074"}],"version-history":[{"count":8,"href":"https:\/\/3dfunart.com\/es\/wp-json\/wp\/v2\/pages\/27074\/revisions"}],"predecessor-version":[{"id":27244,"href":"https:\/\/3dfunart.com\/es\/wp-json\/wp\/v2\/pages\/27074\/revisions\/27244"}],"wp:attachment":[{"href":"https:\/\/3dfunart.com\/es\/wp-json\/wp\/v2\/media?parent=27074"}],"curies":[{"name":"wp","href":"https:\/\/api.w.org\/{rel}","templated":true}]}}